{"id":1141,"date":"2024-04-18T14:14:08","date_gmt":"2024-04-18T12:14:08","guid":{"rendered":"https:\/\/haustuerenwelt.de\/joerg\/?page_id=1141"},"modified":"2024-10-07T15:58:45","modified_gmt":"2024-10-07T13:58:45","slug":"foerderservice","status":"publish","type":"page","link":"https:\/\/haustuerenwelt.de\/joerg\/foerderservice\/","title":{"rendered":"F\u00d6RDERSERVICE"},"content":{"rendered":"<p>[et_pb_section fb_built=&#8220;1&#8243; _builder_version=&#8220;4.20.2&#8243; _module_preset=&#8220;default&#8220; custom_padding=&#8220;||0px|||&#8220; global_colors_info=&#8220;{}&#8220;][et_pb_row column_structure=&#8220;1_4,3_4&#8243; module_class=&#8220;cs-headline&#8220; _builder_version=&#8220;4.25.0&#8243; _module_preset=&#8220;default&#8220; width=&#8220;70%&#8220; custom_margin=&#8220;|auto|40px|auto||&#8220; custom_padding=&#8220;||12px|||&#8220; global_colors_info=&#8220;{}&#8220;][et_pb_column type=&#8220;1_4&#8243; _builder_version=&#8220;4.20.2&#8243; _module_preset=&#8220;default&#8220; global_colors_info=&#8220;{}&#8220;][et_pb_text _builder_version=&#8220;4.25.0&#8243; _module_preset=&#8220;default&#8220; custom_margin=&#8220;||50px|||&#8220; global_colors_info=&#8220;{}&#8220;]<\/p>\n<h2>F\u00d6RDER<br \/>\n<span>SERVICE<\/span><\/h2>\n<p>[\/et_pb_text][\/et_pb_column][et_pb_column type=&#8220;3_4&#8243; _builder_version=&#8220;4.20.2&#8243; _module_preset=&#8220;default&#8220; global_colors_info=&#8220;{}&#8220;][et_pb_image src=&#8220;https:\/\/haustuerenwelt.de\/joerg\/wp-content\/uploads\/sites\/2\/2024\/04\/logo.svg&#8220; show_bottom_space=&#8220;off&#8220; _builder_version=&#8220;4.25.0&#8243; _module_preset=&#8220;default&#8220; custom_padding=&#8220;6px|||||&#8220; global_colors_info=&#8220;{}&#8220;][\/et_pb_image][\/et_pb_column][\/et_pb_row][et_pb_row column_structure=&#8220;1_2,1_2&#8243; module_class=&#8220;cs-headline&#8220; _builder_version=&#8220;4.25.0&#8243; _module_preset=&#8220;default&#8220; width=&#8220;70%&#8220; custom_padding=&#8220;0px||110px||false|&#8220; global_colors_info=&#8220;{}&#8220;][et_pb_column type=&#8220;1_2&#8243; _builder_version=&#8220;4.25.0&#8243; _module_preset=&#8220;default&#8220; global_colors_info=&#8220;{}&#8220;][et_pb_text _builder_version=&#8220;4.25.0&#8243; _module_preset=&#8220;default&#8220; global_colors_info=&#8220;{}&#8220;]<\/p>\n<p>Beantragen Sie Ihren Zuschuss direkt hier und sparen Sie 15%!<\/p>\n<p>Sorgenfreie Abwicklung von der Bean\u00adtragung bis zur Auszahlung durch unsere Energie\u00adeffizienz\u00adexperten.<\/p>\n<p>Wer eine energieeffiziente Haust\u00fcre bei sich einbaut, wird vom Staat mit 15% der f\u00f6rderf\u00e4higen Kosten belohnt. Was f\u00fcr ein Zufall, dass gerade unsere Haust\u00fcren alle vom Staat geforderten Energiesparkriterien problemlos erf\u00fcllen.<\/p>\n<p>Bei Auftragsvergabe erledigt unser Partner alle Formalit\u00e4ten f\u00fcr Sie, um schnellstm\u00f6glich Ihren staatlichen Zuschuss zu erhalten.<\/p>\n<p>[\/et_pb_text][et_pb_button button_url=&#8220;#formular&#8220; button_text=&#8220;Jetzt beantragen!&#8220; _builder_version=&#8220;4.25.0&#8243; _module_preset=&#8220;default&#8220; global_colors_info=&#8220;{}&#8220;][\/et_pb_button][\/et_pb_column][et_pb_column type=&#8220;1_2&#8243; _builder_version=&#8220;4.25.0&#8243; _module_preset=&#8220;default&#8220; global_colors_info=&#8220;{}&#8220;][et_pb_image src=&#8220;https:\/\/haustuerenwelt.de\/joerg\/wp-content\/uploads\/sites\/2\/2024\/05\/zuschuss_haustuerenwelt.jpg&#8220; title_text=&#8220;istockphoto-1474988570-2048&#215;2048 (1)&#8220; _builder_version=&#8220;4.25.0&#8243; _module_preset=&#8220;default&#8220; global_colors_info=&#8220;{}&#8220;][\/et_pb_image][\/et_pb_column][\/et_pb_row][\/et_pb_section][et_pb_section fb_built=&#8220;1&#8243; _builder_version=&#8220;4.25.0&#8243; _module_preset=&#8220;default&#8220; background_color=&#8220;#ededed&#8220; custom_padding=&#8220;110px||0px|||&#8220; global_colors_info=&#8220;{}&#8220;][et_pb_row module_class=&#8220;cs-headline&#8220; _builder_version=&#8220;4.25.0&#8243; _module_preset=&#8220;default&#8220; width=&#8220;70%&#8220; custom_padding=&#8220;0px||||false|false&#8220; global_colors_info=&#8220;{}&#8220;][et_pb_column type=&#8220;4_4&#8243; _builder_version=&#8220;4.24.0&#8243; _module_preset=&#8220;default&#8220; global_colors_info=&#8220;{}&#8220;][et_pb_text _builder_version=&#8220;4.25.0&#8243; _module_preset=&#8220;default&#8220; custom_margin=&#8220;||50px|||&#8220; global_colors_info=&#8220;{}&#8220;]<\/p>\n<h2>GUT ZU<br \/>\n<span>WISSEN<\/span><\/h2>\n<p>[\/et_pb_text][\/et_pb_column][\/et_pb_row][et_pb_row column_structure=&#8220;1_2,1_2&#8243; module_class=&#8220;cs-headline&#8220; _builder_version=&#8220;4.24.0&#8243; _module_preset=&#8220;default&#8220; width=&#8220;70%&#8220; custom_padding=&#8220;0px||70px|||&#8220; global_colors_info=&#8220;{}&#8220;][et_pb_column type=&#8220;1_2&#8243; _builder_version=&#8220;4.24.0&#8243; _module_preset=&#8220;default&#8220; global_colors_info=&#8220;{}&#8220;][et_pb_text _builder_version=&#8220;4.25.0&#8243; _module_preset=&#8220;default&#8220; global_colors_info=&#8220;{}&#8220;]<\/p>\n<h5>WAS MACHT UNSER F\u00d6RDERSERVICE?<\/h5>\n<p>[\/et_pb_text][et_pb_text _builder_version=&#8220;4.25.0&#8243; _module_preset=&#8220;default&#8220; global_colors_info=&#8220;{}&#8220;]Unser F\u00f6rderservice hilft Ihnen den Zuschuss von 15% f\u00fcr Ihre Haust\u00fcre zu erhalten, indem der gesamte Ablauf von der Antragstellung bis hin zur Auszahlung \u00fcbernommen wird. Die staatliche F\u00f6rderung wird Ihnen nach der Montage Ihrer Haust\u00fcre direkt auf Ihr Konto \u00fcberwiesen.[\/et_pb_text][\/et_pb_column][et_pb_column type=&#8220;1_2&#8243; _builder_version=&#8220;4.24.0&#8243; _module_preset=&#8220;default&#8220; global_colors_info=&#8220;{}&#8220;][et_pb_text _builder_version=&#8220;4.25.0&#8243; _module_preset=&#8220;default&#8220; custom_padding=&#8220;||0px|||&#8220; global_colors_info=&#8220;{}&#8220;]<\/p>\n<h5>WAS M\u00dcSSEN SIE BEACHTEN?<\/h5>\n<p>[\/et_pb_text][et_pb_text _builder_version=&#8220;4.25.0&#8243; _module_preset=&#8220;default&#8220; custom_padding=&#8220;||0px|||&#8220; global_colors_info=&#8220;{}&#8220;]Vor der Antragstellung ben\u00f6tigt unser Partnerenergieberater eine unterschriebene Auftragsbest\u00e4tigung und\/oder Werkvertrag.<br \/>\nDer Auftragswert muss \u00fcber 300 Euro liegen, und das Haus muss \u00e4lter als 5 Jahre sein.[\/et_pb_text][\/et_pb_column][\/et_pb_row][et_pb_row column_structure=&#8220;1_2,1_2&#8243; module_class=&#8220;cs-headline&#8220; _builder_version=&#8220;4.25.0&#8243; _module_preset=&#8220;default&#8220; width=&#8220;70%&#8220; custom_padding=&#8220;0px||110px|||&#8220; global_colors_info=&#8220;{}&#8220;][et_pb_column type=&#8220;1_2&#8243; _builder_version=&#8220;4.25.0&#8243; _module_preset=&#8220;default&#8220; global_colors_info=&#8220;{}&#8220;][et_pb_text _builder_version=&#8220;4.25.0&#8243; _module_preset=&#8220;default&#8220; global_colors_info=&#8220;{}&#8220;]<\/p>\n<h5>WAS KOSTET SIE DIESER SERVICE?<\/h5>\n<p>[\/et_pb_text][et_pb_text _builder_version=&#8220;4.25.0&#8243; _module_preset=&#8220;default&#8220; custom_padding=&#8220;||0px|||&#8220; global_colors_info=&#8220;{}&#8220;]<span>Da die Erstellung der Zuschussantr\u00e4ge, die dazugeh\u00f6rigen Planungsarbeiten sowie die W\u00e4rmeschutzberechnungen f\u00fcr die einzelnen Renovierungsma\u00dfnahmen sehr zeitintensiv ausfallen, berechnet Ihnen unser F\u00f6rderpartner als Bearbeitungsgeb\u00fchr 6% zzgl. Mehrwertsteuer. Von dieser Geb\u00fchr bekommen Sie vom BAFA jedoch die H\u00e4lfte nach Auftrags-ausf\u00fchrung wieder zur\u00fcckerstattet. Sie bezahlen also \u201enur\u201c 3%!<br \/>\n<\/span>[\/et_pb_text][\/et_pb_column][et_pb_column type=&#8220;1_2&#8243; _builder_version=&#8220;4.25.0&#8243; _module_preset=&#8220;default&#8220; global_colors_info=&#8220;{}&#8220;][et_pb_text _builder_version=&#8220;4.25.0&#8243; _module_preset=&#8220;default&#8220; global_colors_info=&#8220;{}&#8220;]<\/p>\n<h5>BERECHNUNGSBEISPIEL:<\/h5>\n<p>[\/et_pb_text][et_pb_text _builder_version=&#8220;4.25.0&#8243; _module_preset=&#8220;default&#8220; global_colors_info=&#8220;{}&#8220;]Sie planen einen Haust\u00fcrenaustausch im Wert von 8.950 Euro inkl. MwSt. Hierf\u00fcr bekommen Sie einen direkten Zuschuss vom Staat von 1.342,50 Euro. Die Bearbeitungsgeb\u00fchr unseres Partners betr\u00e4gt f\u00fcr diesen Auftrag 6% zzgl. MwSt. das entspricht 537 Euro.<\/p>\n<p>Davon erhalten Sie 50% (268,50 Euro) wieder zur\u00fcck. Die Mindestbearbeitungsgeb\u00fchr liegt bei 300 Euro zzgl. MwSt. (diese Mindestbearbeitungsgeb\u00fchr ist ebenfalls zur H\u00e4lfte erstattungsf\u00e4hig).[\/et_pb_text][\/et_pb_column][\/et_pb_row][\/et_pb_section][et_pb_section fb_built=&#8220;1&#8243; module_id=&#8220;formular&#8220; _builder_version=&#8220;4.25.0&#8243; _module_preset=&#8220;default&#8220; custom_padding=&#8220;110px||0px|||&#8220; global_colors_info=&#8220;{}&#8220;][et_pb_row module_class=&#8220;cs-headline&#8220; _builder_version=&#8220;4.24.0&#8243; _module_preset=&#8220;default&#8220; width=&#8220;70%&#8220; custom_padding=&#8220;0px||0px|||&#8220; global_colors_info=&#8220;{}&#8220;][et_pb_column type=&#8220;4_4&#8243; _builder_version=&#8220;4.24.0&#8243; _module_preset=&#8220;default&#8220; global_colors_info=&#8220;{}&#8220;][et_pb_text _builder_version=&#8220;4.25.0&#8243; _module_preset=&#8220;default&#8220; custom_margin=&#8220;||50px|||&#8220; global_colors_info=&#8220;{}&#8220;]<\/p>\n<h2>JETZT IN 3 SCHRITTEN<br \/><span>BEANTRAGEN!<\/span><\/h2>\n<p><span><\/span><\/p>\n<p>[\/et_pb_text][et_pb_code module_id=&#8220;cs-form&#8220; _builder_version=&#8220;4.25.0&#8243; _module_preset=&#8220;default&#8220; custom_margin=&#8220;-50px||||false|false&#8220; global_colors_info=&#8220;{}&#8220;]<iframe id=\"zuschussform\" src=\"https:\/\/haustuerenwelt.renovierungszuschuss.de\/zuschussantrag\" width=\"100%\" height=\"1200\" style=\"border:none;\"><\/iframe><!-- [et_pb_line_break_holder] -->[\/et_pb_code][\/et_pb_column][\/et_pb_row][\/et_pb_section]<\/p>\n","protected":false},"excerpt":{"rendered":"<p>F\u00d6RDER SERVICEBeantragen Sie Ihren Zuschuss direkt hier und sparen Sie 15%! Sorgenfreie Abwicklung von der Bean\u00adtragung bis zur Auszahlung durch unsere Energie\u00adeffizienz\u00adexperten. Wer eine energieeffiziente Haust\u00fcre bei sich einbaut, wird vom Staat mit 15% der f\u00f6rderf\u00e4higen Kosten belohnt. Was f\u00fcr ein Zufall, dass gerade unsere Haust\u00fcren alle vom Staat geforderten Energiesparkriterien problemlos erf\u00fcllen. Bei Auftragsvergabe [&hellip;]<\/p>\n","protected":false},"author":1,"featured_media":0,"parent":0,"menu_order":0,"comment_status":"closed","ping_status":"closed","template":"","meta":{"_et_pb_use_builder":"on","_et_pb_old_content":"<!-- wp:divi\/placeholder \/-->","_et_gb_content_width":"","footnotes":""},"difl_page_category":[],"class_list":["post-1141","page","type-page","status-publish","hentry"],"yoast_head":"<!-- This site is optimized with the Yoast SEO plugin v26.4 - https:\/\/yoast.com\/wordpress\/plugins\/seo\/ -->\n<title>F\u00d6RDERSERVICE - Fenster J\u00f6rg<\/title>\n<meta name=\"robots\" content=\"index, follow, max-snippet:-1, max-image-preview:large, max-video-preview:-1\" \/>\n<link rel=\"canonical\" href=\"https:\/\/haustuerenwelt.de\/joerg\/foerderservice\/\" \/>\n<meta property=\"og:locale\" content=\"de_DE\" \/>\n<meta property=\"og:type\" content=\"article\" \/>\n<meta property=\"og:title\" content=\"F\u00d6RDERSERVICE - Fenster J\u00f6rg\" \/>\n<meta property=\"og:description\" content=\"F\u00d6RDER SERVICEBeantragen Sie Ihren Zuschuss direkt hier und sparen Sie 15%! Sorgenfreie Abwicklung von der Bean\u00adtragung bis zur Auszahlung durch unsere Energie\u00adeffizienz\u00adexperten. Wer eine energieeffiziente Haust\u00fcre bei sich einbaut, wird vom Staat mit 15% der f\u00f6rderf\u00e4higen Kosten belohnt. Was f\u00fcr ein Zufall, dass gerade unsere Haust\u00fcren alle vom Staat geforderten Energiesparkriterien problemlos erf\u00fcllen. Bei Auftragsvergabe [&hellip;]\" \/>\n<meta property=\"og:url\" content=\"https:\/\/haustuerenwelt.de\/joerg\/foerderservice\/\" \/>\n<meta property=\"og:site_name\" content=\"Fenster J\u00f6rg\" \/>\n<meta property=\"article:modified_time\" content=\"2024-10-07T13:58:45+00:00\" \/>\n<meta name=\"twitter:card\" content=\"summary_large_image\" \/>\n<meta name=\"twitter:label1\" content=\"Gesch\u00e4tzte Lesezeit\" \/>\n\t<meta name=\"twitter:data1\" content=\"5\u00a0Minuten\" \/>\n<script type=\"application\/ld+json\" class=\"yoast-schema-graph\">{\"@context\":\"https:\/\/schema.org\",\"@graph\":[{\"@type\":\"WebPage\",\"@id\":\"https:\/\/haustuerenwelt.de\/joerg\/foerderservice\/\",\"url\":\"https:\/\/haustuerenwelt.de\/joerg\/foerderservice\/\",\"name\":\"F\u00d6RDERSERVICE - Fenster J\u00f6rg\",\"isPartOf\":{\"@id\":\"https:\/\/haustuerenwelt.de\/joerg\/#website\"},\"datePublished\":\"2024-04-18T12:14:08+00:00\",\"dateModified\":\"2024-10-07T13:58:45+00:00\",\"breadcrumb\":{\"@id\":\"https:\/\/haustuerenwelt.de\/joerg\/foerderservice\/#breadcrumb\"},\"inLanguage\":\"de\",\"potentialAction\":[{\"@type\":\"ReadAction\",\"target\":[\"https:\/\/haustuerenwelt.de\/joerg\/foerderservice\/\"]}]},{\"@type\":\"BreadcrumbList\",\"@id\":\"https:\/\/haustuerenwelt.de\/joerg\/foerderservice\/#breadcrumb\",\"itemListElement\":[{\"@type\":\"ListItem\",\"position\":1,\"name\":\"Startseite\",\"item\":\"https:\/\/haustuerenwelt.de\/joerg\/\"},{\"@type\":\"ListItem\",\"position\":2,\"name\":\"F\u00d6RDERSERVICE\"}]},{\"@type\":\"WebSite\",\"@id\":\"https:\/\/haustuerenwelt.de\/joerg\/#website\",\"url\":\"https:\/\/haustuerenwelt.de\/joerg\/\",\"name\":\"Fenster J\u00f6rg\",\"description\":\"Ihre individuelle Haust\u00fcr\",\"potentialAction\":[{\"@type\":\"SearchAction\",\"target\":{\"@type\":\"EntryPoint\",\"urlTemplate\":\"https:\/\/haustuerenwelt.de\/joerg\/?s={search_term_string}\"},\"query-input\":{\"@type\":\"PropertyValueSpecification\",\"valueRequired\":true,\"valueName\":\"search_term_string\"}}],\"inLanguage\":\"de\"}]}<\/script>\n<!-- \/ Yoast SEO plugin. -->","yoast_head_json":{"title":"F\u00d6RDERSERVICE - Fenster J\u00f6rg","robots":{"index":"index","follow":"follow","max-snippet":"max-snippet:-1","max-image-preview":"max-image-preview:large","max-video-preview":"max-video-preview:-1"},"canonical":"https:\/\/haustuerenwelt.de\/joerg\/foerderservice\/","og_locale":"de_DE","og_type":"article","og_title":"F\u00d6RDERSERVICE - Fenster J\u00f6rg","og_description":"F\u00d6RDER SERVICEBeantragen Sie Ihren Zuschuss direkt hier und sparen Sie 15%! Sorgenfreie Abwicklung von der Bean\u00adtragung bis zur Auszahlung durch unsere Energie\u00adeffizienz\u00adexperten. Wer eine energieeffiziente Haust\u00fcre bei sich einbaut, wird vom Staat mit 15% der f\u00f6rderf\u00e4higen Kosten belohnt. Was f\u00fcr ein Zufall, dass gerade unsere Haust\u00fcren alle vom Staat geforderten Energiesparkriterien problemlos erf\u00fcllen. Bei Auftragsvergabe [&hellip;]","og_url":"https:\/\/haustuerenwelt.de\/joerg\/foerderservice\/","og_site_name":"Fenster J\u00f6rg","article_modified_time":"2024-10-07T13:58:45+00:00","twitter_card":"summary_large_image","twitter_misc":{"Gesch\u00e4tzte Lesezeit":"5\u00a0Minuten"},"schema":{"@context":"https:\/\/schema.org","@graph":[{"@type":"WebPage","@id":"https:\/\/haustuerenwelt.de\/joerg\/foerderservice\/","url":"https:\/\/haustuerenwelt.de\/joerg\/foerderservice\/","name":"F\u00d6RDERSERVICE - Fenster J\u00f6rg","isPartOf":{"@id":"https:\/\/haustuerenwelt.de\/joerg\/#website"},"datePublished":"2024-04-18T12:14:08+00:00","dateModified":"2024-10-07T13:58:45+00:00","breadcrumb":{"@id":"https:\/\/haustuerenwelt.de\/joerg\/foerderservice\/#breadcrumb"},"inLanguage":"de","potentialAction":[{"@type":"ReadAction","target":["https:\/\/haustuerenwelt.de\/joerg\/foerderservice\/"]}]},{"@type":"BreadcrumbList","@id":"https:\/\/haustuerenwelt.de\/joerg\/foerderservice\/#breadcrumb","itemListElement":[{"@type":"ListItem","position":1,"name":"Startseite","item":"https:\/\/haustuerenwelt.de\/joerg\/"},{"@type":"ListItem","position":2,"name":"F\u00d6RDERSERVICE"}]},{"@type":"WebSite","@id":"https:\/\/haustuerenwelt.de\/joerg\/#website","url":"https:\/\/haustuerenwelt.de\/joerg\/","name":"Fenster J\u00f6rg","description":"Ihre individuelle Haust\u00fcr","potentialAction":[{"@type":"SearchAction","target":{"@type":"EntryPoint","urlTemplate":"https:\/\/haustuerenwelt.de\/joerg\/?s={search_term_string}"},"query-input":{"@type":"PropertyValueSpecification","valueRequired":true,"valueName":"search_term_string"}}],"inLanguage":"de"}]}},"_links":{"self":[{"href":"https:\/\/haustuerenwelt.de\/joerg\/wp-json\/wp\/v2\/pages\/1141","targetHints":{"allow":["GET"]}}],"collection":[{"href":"https:\/\/haustuerenwelt.de\/joerg\/wp-json\/wp\/v2\/pages"}],"about":[{"href":"https:\/\/haustuerenwelt.de\/joerg\/wp-json\/wp\/v2\/types\/page"}],"author":[{"embeddable":true,"href":"https:\/\/haustuerenwelt.de\/joerg\/wp-json\/wp\/v2\/users\/1"}],"replies":[{"embeddable":true,"href":"https:\/\/haustuerenwelt.de\/joerg\/wp-json\/wp\/v2\/comments?post=1141"}],"version-history":[{"count":35,"href":"https:\/\/haustuerenwelt.de\/joerg\/wp-json\/wp\/v2\/pages\/1141\/revisions"}],"predecessor-version":[{"id":2002,"href":"https:\/\/haustuerenwelt.de\/joerg\/wp-json\/wp\/v2\/pages\/1141\/revisions\/2002"}],"wp:attachment":[{"href":"https:\/\/haustuerenwelt.de\/joerg\/wp-json\/wp\/v2\/media?parent=1141"}],"wp:term":[{"taxonomy":"difl_page_category","embeddable":true,"href":"https:\/\/haustuerenwelt.de\/joerg\/wp-json\/wp\/v2\/difl_page_category?post=1141"}],"curies":[{"name":"wp","href":"https:\/\/api.w.org\/{rel}","templated":true}]}}