{"id":788,"date":"2023-04-17T10:27:25","date_gmt":"2023-04-17T08:27:25","guid":{"rendered":"https:\/\/xn--haustrenwelt-hlb.de\/?page_id=788"},"modified":"2024-10-07T16:13:50","modified_gmt":"2024-10-07T14:13:50","slug":"datenschutz","status":"publish","type":"page","link":"https:\/\/haustuerenwelt.de\/joerg\/datenschutz\/","title":{"rendered":"DATENSCHUTZ"},"content":{"rendered":"<p>[et_pb_section fb_built=&#8220;1&#8243; _builder_version=&#8220;4.20.2&#8243; _module_preset=&#8220;default&#8220; global_colors_info=&#8220;{}&#8220;][et_pb_row module_class=&#8220;cs-headline&#8220; _builder_version=&#8220;4.20.2&#8243; _module_preset=&#8220;default&#8220; width=&#8220;70%&#8220; global_colors_info=&#8220;{}&#8220;][et_pb_column type=&#8220;4_4&#8243; _builder_version=&#8220;4.20.2&#8243; _module_preset=&#8220;default&#8220; global_colors_info=&#8220;{}&#8220;][et_pb_text _builder_version=&#8220;4.20.2&#8243; _module_preset=&#8220;default&#8220; custom_margin=&#8220;||50px|||&#8220; global_colors_info=&#8220;{}&#8220;]<\/p>\n<h2>DATENSCHUTZ<\/h2>\n<p>[\/et_pb_text][et_pb_divider color=&#8220;#000000&#8243; divider_weight=&#8220;2px&#8220; _builder_version=&#8220;4.20.2&#8243; _module_preset=&#8220;default&#8220; max_width=&#8220;112px&#8220; global_colors_info=&#8220;{}&#8220;][\/et_pb_divider][\/et_pb_column][\/et_pb_row][et_pb_row column_structure=&#8220;1_2,1_2&#8243; _builder_version=&#8220;4.20.2&#8243; _module_preset=&#8220;default&#8220; width=&#8220;70%&#8220; global_colors_info=&#8220;{}&#8220;][et_pb_column type=&#8220;1_2&#8243; _builder_version=&#8220;4.20.2&#8243; _module_preset=&#8220;default&#8220; global_colors_info=&#8220;{}&#8220;][et_pb_text _builder_version=&#8220;4.25.0&#8243; _module_preset=&#8220;default&#8220; global_colors_info=&#8220;{}&#8220;]<\/p>\n<p>Haust\u00fcrenwelt\u00a0<br \/>Bolzensteig 20<br \/>73460 H\u00fcttlingen<\/p>\n<p>+49 (0) 7361 81 222 00<br \/>info@haustuerenwelt.de<\/p>\n<p>Nutzer erhalten mit dieser Datenschutzerkl\u00e4rung Information \u00fcber die Art, den Umfang und Zweck der Erhebung und Verwendung ihrer Daten durch den verantwortlichen Anbieter erhoben und verwendet werden.<\/p>\n<p>Den rechtlichen Rahmen f\u00fcr den Datenschutz bilden das Bundesdatenschutzgesetz (BDSG) und das Telemediengesetz (TMG).<\/p>\n<p>[\/et_pb_text][\/et_pb_column][et_pb_column type=&#8220;1_2&#8243; _builder_version=&#8220;4.20.2&#8243; _module_preset=&#8220;default&#8220; global_colors_info=&#8220;{}&#8220;][et_pb_text _builder_version=&#8220;4.26.0&#8243; _module_preset=&#8220;default&#8220; header_3_font_size=&#8220;21px&#8220; global_colors_info=&#8220;{}&#8220;]<\/p>\n<hr \/>\n<h3>Geltungsbereich<\/h3>\n<p>Nutzer erhalten mit dieser Datenschutzerkl\u00e4rung Information \u00fcber die Art, den Umfang und Zweck der Erhebung und Verwendung ihrer Daten durch den verantwortlichen Anbieter erhoben und verwendet werden.<\/p>\n<p>Den rechtlichen Rahmen f\u00fcr den Datenschutz bilden das Bundesdatenschutzgesetz (BDSG) und das Telemediengesetz (TMG).<\/p>\n<p>&nbsp;<\/p>\n<hr \/>\n<h3>Erfassung allgemeiner Informationen<\/h3>\n<p>Mit jedem Zugriff auf dieses Angebot werden durch uns bzw. den Webspace-Provider automatisch Informationen erfasst. Diese Informationen, auch als Server-Logfiles bezeichnet, sind allgemeiner Natur und erlauben keine R\u00fcckschl\u00fcsse auf<br \/>Ihre Person.<\/p>\n<p>Erfasst werden unter anderem: Name der Webseite, Datei, Datum, Datenmenge, Webbrowser und Webbrowser-Version, Betriebssystem, der Domainname Ihres Internet-Providers, die sogenannte Referrer-URL (jene Seite, von der aus Sie auf unser<br \/>Angebot zugegriffen haben) und die IP-Adresse.<\/p>\n<p>Ohne diese Daten w\u00e4re es technisch teils nicht m\u00f6glich, die Inhalte der Webseite auszuliefern und darzustellen. Insofern ist die Erfassung der Daten zwingend notwendig. Dar\u00fcber hinaus verwenden wir die anonymen Informationen f\u00fcr<br \/>statistische Zwecke. Sie helfen uns bei der Optimierung des Angebots und der Technik. Wir behalten uns zudem das Recht vor, die Log-Files bei Verdacht auf eine rechtswidrige Nutzung unseres Angebotes nachtr\u00e4glich zu kontrollieren.<\/p>\n<p>&nbsp;<\/p>\n<p>&nbsp;<\/p>\n<hr \/>\n<h3>Umgang mit personenbezogenen Daten<\/h3>\n<p>Definition: Als personenbezogene Daten gelten alle Informationen, anhand derer eine Person eindeutig identifizierbar ist. Es handelt sich somit um Daten, die zu einer Person zur\u00fcckverfolgt werden k\u00f6nnen.<\/p>\n<p>Zu diesen personenbezogenen Daten z\u00e4hlen der Vorname und der Name, die Telefonnummer sowie die E-Mail-Adresse. Ebenso als personenbezogene Daten gelten Informationen zu Hobbies, Mitgliedschaften und Vorlieben sowie Internetseiten, die<br \/>aufgerufen wurden.<\/p>\n<p>Diese Daten werden vom Anbieter nur erhoben, genutzt und gegebenenfalls weitergegeben, sofern der Gesetzgeber dies ausdr\u00fccklich erlaubt oder aber der Nutzer in die Erhebung, Bearbeitung, Nutzung und Weitergabe der Daten einwilligt.<\/p>\n<p>&nbsp;<\/p>\n<p>&nbsp;<\/p>\n<hr \/>\n<h3>Kontaktaufnahme<\/h3>\n<p>Wenn Sie uns \u00fcber das Onlineformular oder per E-Mail kontaktieren, speichern wir die von Ihnen gemachten Angaben, um Ihre Anfrage beantworten und m\u00f6gliche Anschlussfragen stellen zu k\u00f6nnen.<\/p>\n<p>&nbsp;<\/p>\n<p>&nbsp;<\/p>\n<hr \/>\n<h3>Einbindung von Diensten und Inhalten Dritter<\/h3>\n<p>Unser Angebot umfasst mitunter Inhalte, Dienste und Leistungen anderer Anbieter. Das sind zum Beispiel Karten, die von Google-Maps zur Verf\u00fcgung gestellt werden, Videos von YouTube sowie Grafiken und Bilder anderer Webseiten. Damit<br \/>diese Daten im Browser des Nutzers aufgerufen und dargestellt werden k\u00f6nnen, ist die \u00dcbermittlung der IP-Adresse zwingend notwendig. Die Anbieter (im Folgenden als \u201eDritt-Anbieter\u201c bezeichnet) nehmen also die IP-Adresse des jeweiligen<br \/>Nutzers wahr.<\/p>\n<p>Auch wenn wir bem\u00fcht sind, ausschlie\u00dflich Dritt-Anbieter zu nutzen, welche die IP-Adresse nur ben\u00f6tigen, um Inhalte ausliefern zu k\u00f6nnen, haben wir keinen Einfluss darauf, ob die IP-Adresse m\u00f6glicherweise gespeichert wird. Dieser<br \/>Vorgang dient in dem Fall unter anderem statistischen Zwecken. Sofern wir Kenntnis davon haben, dass die IP-Adresse gespeichert wird, weisen wir unsere Nutzer darauf hin.<\/p>\n<p>&nbsp;<\/p>\n<p>&nbsp;<\/p>\n<hr \/>\n<h3>eTracker<\/h3>\n<p>Der Anbieter dieser Website nutzt Dienste der etracker GmbH aus Hamburg, Deutschland (<a href=\"https:\/\/www.etracker.com\">www.etracker.com<\/a>) zur Analyse von Nutzungsdaten. Wir verwenden standardm\u00e4\u00dfig keine Cookies f\u00fcr die Web-Analyse. Soweit wir Analyse- und Optimierungs-Cookies einsetzen, holen wir Ihre explizite Einwilligung gesondert im Vorfeld ein. Ist das der Fall und Sie stimmen zu, werden Cookies eingesetzt, die eine statistische Reichweiten-Analyse dieser Website, eine Erfolgsmessung unserer Online-Marketing-Ma\u00dfnahmen sowie Testverfahren erm\u00f6glichen, um z.B. unterschiedliche Versionen unseres Online-Angebotes oder seiner Bestandteile zu testen und zu optimieren. Cookies sind kleine Textdateien, die vom Internet Browser auf dem Endger\u00e4t des Nutzers gespeichert werden. etracker Cookies enthalten keine Informationen, die eine Identifikation eines Nutzers erm\u00f6glichen.<\/p>\n<p>Die mit etracker erzeugten Daten werden im Auftrag des Anbieters dieser Website von etracker ausschlie\u00dflich in Deutschland verarbeitet und gespeichert und unterliegen damit den strengen deutschen und europ\u00e4ischen Datenschutzgesetzen und -standards. etracker wurde diesbez\u00fcglich unabh\u00e4ngig gepr\u00fcft, zertifiziert und mit dem Datenschutz-G\u00fctesiegel <a href=\"https:\/\/etracker.com\/eprivacy\">ePrivacyseal<\/a> ausgezeichnet.<\/p>\n<p>Die Datenverarbeitung erfolgt auf Basis der gesetzlichen Bestimmungen des Art. 6 Abs. 1 lit. f (berechtigtes Interesse) der Datenschutzgrundverordnung (DSGVO). Unser Anliegen im Sinne der DSGVO (berechtigtes Interesse) ist die Optimierung unseres Online-Angebotes und unseres Webauftritts. Da uns die Privatsph\u00e4re unserer Besucher wichtig ist, werden die Daten, die m\u00f6glicherweise einen Bezug zu einer einzelnen Person zulassen, wie die IP-Adresse, Anmelde- oder Ger\u00e4tekennungen, fr\u00fchestm\u00f6glich anonymisiert oder pseudonymisiert. Eine andere Verwendung, Zusammenf\u00fchrung mit anderen Daten oder eine Weitergabe an Dritte erfolgt nicht.<\/p>\n<p>Sie k\u00f6nnen der vorbeschriebenen Datenverarbeitung jederzeit durch Klick auf den Schieberegler widersprechen. Der Widerspruch hat keine nachteiligen Folgen. Wird kein Schieberegler angezeigt, ist die Datenerfassung bereits durch andere Blockier-Ma\u00dfnahmen unterbunden.<\/p>\n<p><a href=\"#\" data-tld=\"haustuerenwelt.de\/joerg\" id=\"et-opt-out\"><\/a><\/p>\n<p>Weitere Informationen zum Datenschutz bei etracker finden Sie <a href=\"https:\/\/www.etracker.com\/datenschutz\/\">hier<\/a>.<\/p>\n<p>&nbsp;<\/p>\n<hr \/>\n<h3>Google Analytics<\/h3>\n<p>Diese Website nutzt Funktionen des Webanalysedienstes Google Analytics. Anbieter ist die Google Inc., 1600 Amphitheatre Parkway, Mountain View, CA 94043, USA.<\/p>\n<p>Google Analytics verwendet so genannte \u201eCookies\u201c. Das sind Textdateien, die auf Ihrem Computer gespeichert werden und die eine Analyse der Benutzung der Website durch Sie erm\u00f6glichen. Die durch den Cookie erzeugten Informationen \u00fcber Ihre Benutzung dieser Website werden in der Regel an einen Server von Google in den USA \u00fcbertragen und dort gespeichert.<\/p>\n<p>Die Speicherung von Google-Analytics-Cookies erfolgt auf Grundlage von Art. 6 Abs. 1 lit. f DSGVO. Der Websitebetreiber hat ein berechtigtes Interesse an der Analyse des Nutzerverhaltens, um sowohl sein Webangebot als auch seine Werbung zu optimieren.<\/p>\n<p><strong>Browser Plugin<\/strong><\/p>\n<p>Sie k\u00f6nnen die Speicherung der Cookies durch eine entsprechende Einstellung Ihrer Browser-Software verhindern; wir weisen Sie jedoch darauf hin, dass Sie in diesem Fall gegebenenfalls nicht s\u00e4mtliche Funktionen dieser Website vollumf\u00e4nglich werden nutzen k\u00f6nnen. Sie k\u00f6nnen dar\u00fcber hinaus die Erfassung der durch den Cookie erzeugten und auf Ihre Nutzung der Website bezogenen Daten (inkl. Ihrer IP-Adresse) an Google sowie die Verarbeitung dieser Daten durch Google verhindern, indem Sie das unter dem folgenden Link verf\u00fcgbare Browser-Plugin herunterladen und installieren:<span>\u00a0<\/span><a href=\"https:\/\/tools.google.com\/dlpage\/gaoptout?hl=de\" target=\"_blank\" rel=\"noopener noreferrer\">https:\/\/tools.google.com\/dlpage\/gaoptout?hl=de<\/a>.<\/p>\n<p><strong>Widerspruch gegen Datenerfassung<\/strong><\/p>\n<p>Sie k\u00f6nnen die Erfassung Ihrer Daten durch Google Analytics verhindern, indem Sie auf folgenden Link klicken. Es wird ein Opt-Out-Cookie gesetzt, der die Erfassung Ihrer Daten bei zuk\u00fcnftigen Besuchen dieser Website verhindert:<span>\u00a0<\/span><a>Google Analytics deaktivieren<\/a>.<\/p>\n<p>Mehr Informationen zum Umgang mit Nutzerdaten bei Google Analytics finden Sie in der Datenschutzerkl\u00e4rung von Google:<span>\u00a0<\/span><a href=\"https:\/\/support.google.com\/analytics\/answer\/6004245?hl=de\" target=\"_blank\" rel=\"noopener noreferrer\">https:\/\/support.google.com\/analytics\/answer\/6004245?hl=de<\/a>.<\/p>\n<p><strong>Demografische Merkmale bei Google Analytics<\/strong><\/p>\n<p>Diese Website nutzt die Funktion \u201cdemografische Merkmale\u201d von Google Analytics. Dadurch k\u00f6nnen Berichte erstellt werden, die Aussagen zu Alter, Geschlecht und Interessen der Seitenbesucher enthalten. Diese Daten stammen aus interessenbezogener Werbung von Google sowie aus Besucherdaten von Drittanbietern. Diese Daten k\u00f6nnen keiner bestimmten Person zugeordnet werden. Sie k\u00f6nnen diese Funktion jederzeit \u00fcber die Anzeigeneinstellungen in Ihrem Google-Konto deaktivieren oder die Erfassung Ihrer Daten durch Google Analytics wie im Punkt \u201cWiderspruch gegen Datenerfassung\u201d dargestellt generell untersagen.<\/p>\n<p>&nbsp;<\/p>\n<h3>Google Analytics Remarketing<\/h3>\n<p>Unsere Websites nutzen die Funktionen von Google Analytics Remarketing in Verbindung mit den ger\u00e4te\u00fcbergreifenden Funktionen von Google AdWords und Google DoubleClick. Anbieter ist die Google Inc., 1600 Amphitheatre Parkway, Mountain View, CA 94043, USA.<\/p>\n<p>Diese Funktion erm\u00f6glicht es die mit Google Analytics Remarketing erstellten Werbe-Zielgruppen mit den ger\u00e4te\u00fcbergreifenden Funktionen von Google AdWords und Google DoubleClick zu verkn\u00fcpfen. Auf diese Weise k\u00f6nnen interessenbezogene, personalisierte Werbebotschaften, die in Abh\u00e4ngigkeit Ihres fr\u00fcheren Nutzungs- und Surfverhaltens auf einem Endger\u00e4t (z.B. Handy) an Sie angepasst wurden auch auf einem anderen Ihrer Endger\u00e4te (z.B. Tablet oder PC) angezeigt werden.<\/p>\n<p>Haben Sie eine entsprechende Einwilligung erteilt, verkn\u00fcpft Google zu diesem Zweck Ihren Web- und App-Browserverlauf mit Ihrem Google-Konto. Auf diese Weise k\u00f6nnen auf jedem Endger\u00e4t auf dem Sie sich mit Ihrem Google-Konto anmelden, dieselben personalisierten Werbebotschaften geschaltet werden.<\/p>\n<p>Zur Unterst\u00fctzung dieser Funktion erfasst Google Analytics google-authentifizierte IDs der Nutzer, die vor\u00fcbergehend mit unseren Google-Analytics-Daten verkn\u00fcpft werden, um Zielgruppen f\u00fcr die ger\u00e4te\u00fcbergreifende Anzeigenwerbung zu definieren und zu erstellen.<\/p>\n<p>Sie k\u00f6nnen dem ger\u00e4te\u00fcbergreifenden Remarketing\/Targeting dauerhaft widersprechen, indem Sie personalisierte Werbung in Ihrem Google-Konto deaktivieren; folgen Sie hierzu diesem Link:<span>\u00a0<\/span><a href=\"https:\/\/www.google.com\/settings\/ads\/onweb\/\" target=\"_blank\" rel=\"noopener noreferrer\">https:\/\/www.google.com\/settings\/ads\/onweb\/<\/a>.<\/p>\n<p>Die Zusammenfassung der erfassten Daten in Ihrem Google-Konto erfolgt ausschlie\u00dflich auf Grundlage Ihrer Einwilligung, die Sie bei Google abgeben oder widerrufen k\u00f6nnen (Art. 6 Abs. 1 lit. a DSGVO). Bei Datenerfassungsvorg\u00e4ngen, die nicht in Ihrem Google-Konto zusammengef\u00fchrt werden (z.B. weil Sie kein Google-Konto haben oder der Zusammenf\u00fchrung widersprochen haben) beruht die Erfassung der Daten auf Art. 6 Abs. 1 lit. f DSGVO. Das berechtigte Interesse ergibt sich daraus, dass der Websitebetreiber ein Interesse an der anonymisierten Analyse der Websitebesucher zu Werbezwecken hat.<\/p>\n<p>Weitergehende Informationen und die Datenschutzbestimmungen finden Sie in der Datenschutzerkl\u00e4rung von Google unter:<span>\u00a0<\/span><a href=\"https:\/\/www.google.com\/policies\/technologies\/ads\/\" target=\"_blank\" rel=\"noopener noreferrer\">https:\/\/www.google.com\/policies\/technologies\/ads\/<\/a>.<\/p>\n<p>&nbsp;<\/p>\n<hr \/>\n<h3>Cookies<\/h3>\n<p><b><br \/><i>Session Cookie<\/i><br \/><\/b><\/p>\n<p>Die Anwendung speichert f\u00fcr die Dauer der Nutzersitzung einen sogenannten Session-Cookie im Browser des Nutzers. Dieser dient zur Sicherung von Formularen und der Funktion der Webseite, die durch das Klicken eines Links ausgel\u00f6st<br \/>werden. Dabei wird der Nutzer vor sogenannten \u201eCross Site Request Forgery\u201c (kurz CSRF) Angriffen gesch\u00fctzt. Mehr zum Thema CSRF finden Sie z.B. hier:<br \/><a href=\"https:\/\/de.wikipedia.org\/wiki\/Cross-Site-Request-Forgery\" target=\"_blank\" rel=\"noopener\">https:\/\/de.wikipedia.org\/wiki\/Cross-Site-Request-Forgery<\/a><\/p>\n<p><b><br \/><i>Zusatzhinweis<\/i><br \/><\/b><\/p>\n<p>Abgesehen von den o.g. Punkten wird der Session-Cookie nicht verwendet, personenbezogene Daten zu erheben. Zu keinem Zeitpunkt kommt es zu einer Zusammenf\u00fchrung von Daten aus dem Cookie und Verbindungsdaten, wie z.B. IP-Adressen.<br \/>Insbesondere wird der Session-Cookie nicht verwendet, um Nutzer au\u00dferhalb der Domain www.renovierzungszuschuss.de zu identifizieren.<\/p>\n<p>&nbsp;<\/p>\n<p>&nbsp;<\/p>\n<hr \/>\n<h3>Datensparsamkeit<\/h3>\n<p>Personenbezogene Daten speichern wir gem\u00e4\u00df den Grunds\u00e4tzen der Datenvermeidung und Datensparsamkeit nur so lange, wie es erforderlich ist oder vom Gesetzgeber her vorgeschrieben wird (gesetzliche Speicherfrist). Entf\u00e4llt der Zweck der<br \/>erhobenen Informationen oder endet die Speicherfrist, sperren oder l\u00f6schen wir die Daten.<\/p>\n<p>&nbsp;<\/p>\n<p>&nbsp;<\/p>\n<hr \/>\n<h3>Ihre Rechte auf Auskunft, Berichtigung, Sperre, L\u00f6schung und Widerspruch<\/h3>\n<p>Sie haben das Recht, auf Antrag unentgeltlich eine Auskunft, \u00fcber die bei uns gespeicherten personenbezogenen Daten, anzufordern und\/oder eine Berichtigung, Sperrung oder L\u00f6schung zu verlangen. Ausnahmen: Es handelt sich um die<br \/>vorgeschriebene Datenspeicherung zur Gesch\u00e4ftsabwicklung oder die Daten unterliegen der gesetzlichen Aufbewahrungspflicht.<\/p>\n<p>Um eine Datensperre jederzeit ber\u00fccksichtigen zu k\u00f6nnen, ist es erforderlich, die Daten f\u00fcr Kontrollzwecke in einer Sperrdatei vorzuhalten. Besteht keine gesetzliche Archivierungspflicht, k\u00f6nnen Sie auch die L\u00f6schung der Daten<br \/>verlangen. Anderenfalls sperren wir die Daten, sofern Sie dies w\u00fcnschen.<\/p>\n<p>&nbsp;<\/p>\n<p>&nbsp;<\/p>\n<hr \/>\n<h3>\u00c4nderung unserer Datenschutzerkl\u00e4rung<\/h3>\n<p>Um zu gew\u00e4hrleisten, dass unsere Datenschutzerkl\u00e4rung stets den aktuellen gesetzlichen Vorgaben entspricht, behalten wir uns jederzeit \u00c4nderungen vor. Das gilt auch f\u00fcr den Fall, dass die Datenschutzerkl\u00e4rung aufgrund neuer oder<br \/>\u00fcberarbeiteter Leistungen, zum Beispiel neuer Serviceleistungen, angepasst werden muss. Die neue Datenschutzerkl\u00e4rung greift dann bei Ihrem n\u00e4chsten Besuch auf unserem Angebot.<\/p>\n<p>[\/et_pb_text][\/et_pb_column][\/et_pb_row][\/et_pb_section]<\/p>\n","protected":false},"excerpt":{"rendered":"<p>DATENSCHUTZHaust\u00fcrenwelt\u00a0Bolzensteig 2073460 H\u00fcttlingen +49 (0) 7361 81 222 00info@haustuerenwelt.de Nutzer erhalten mit dieser Datenschutzerkl\u00e4rung Information \u00fcber die Art, den Umfang und Zweck der Erhebung und Verwendung ihrer Daten durch den verantwortlichen Anbieter erhoben und verwendet werden. Den rechtlichen Rahmen f\u00fcr den Datenschutz bilden das Bundesdatenschutzgesetz (BDSG) und das Telemediengesetz (TMG). Geltungsbereich Nutzer erhalten mit dieser [&hellip;]<\/p>\n","protected":false},"author":1,"featured_media":0,"parent":0,"menu_order":0,"comment_status":"closed","ping_status":"closed","template":"","meta":{"_et_pb_use_builder":"on","_et_pb_old_content":"<!-- wp:divi\/placeholder \/-->","_et_gb_content_width":"","footnotes":""},"difl_page_category":[],"class_list":["post-788","page","type-page","status-publish","hentry"],"yoast_head":"<!-- This site is optimized with the Yoast SEO plugin v26.4 - https:\/\/yoast.com\/wordpress\/plugins\/seo\/ -->\n<title>DATENSCHUTZ - Fenster J\u00f6rg<\/title>\n<meta name=\"robots\" content=\"index, follow, max-snippet:-1, max-image-preview:large, max-video-preview:-1\" \/>\n<link rel=\"canonical\" href=\"https:\/\/haustuerenwelt.de\/joerg\/datenschutz\/\" \/>\n<meta property=\"og:locale\" content=\"de_DE\" \/>\n<meta property=\"og:type\" content=\"article\" \/>\n<meta property=\"og:title\" content=\"DATENSCHUTZ - Fenster J\u00f6rg\" \/>\n<meta property=\"og:description\" content=\"DATENSCHUTZHaust\u00fcrenwelt\u00a0Bolzensteig 2073460 H\u00fcttlingen +49 (0) 7361 81 222 00info@haustuerenwelt.de Nutzer erhalten mit dieser Datenschutzerkl\u00e4rung Information \u00fcber die Art, den Umfang und Zweck der Erhebung und Verwendung ihrer Daten durch den verantwortlichen Anbieter erhoben und verwendet werden. Den rechtlichen Rahmen f\u00fcr den Datenschutz bilden das Bundesdatenschutzgesetz (BDSG) und das Telemediengesetz (TMG). Geltungsbereich Nutzer erhalten mit dieser [&hellip;]\" \/>\n<meta property=\"og:url\" content=\"https:\/\/haustuerenwelt.de\/joerg\/datenschutz\/\" \/>\n<meta property=\"og:site_name\" content=\"Fenster J\u00f6rg\" \/>\n<meta property=\"article:modified_time\" content=\"2024-10-07T14:13:50+00:00\" \/>\n<meta name=\"twitter:card\" content=\"summary_large_image\" \/>\n<meta name=\"twitter:label1\" content=\"Gesch\u00e4tzte Lesezeit\" \/>\n\t<meta name=\"twitter:data1\" content=\"10\u00a0Minuten\" \/>\n<script type=\"application\/ld+json\" class=\"yoast-schema-graph\">{\"@context\":\"https:\/\/schema.org\",\"@graph\":[{\"@type\":\"WebPage\",\"@id\":\"https:\/\/haustuerenwelt.de\/joerg\/datenschutz\/\",\"url\":\"https:\/\/haustuerenwelt.de\/joerg\/datenschutz\/\",\"name\":\"DATENSCHUTZ - Fenster J\u00f6rg\",\"isPartOf\":{\"@id\":\"https:\/\/haustuerenwelt.de\/joerg\/#website\"},\"datePublished\":\"2023-04-17T08:27:25+00:00\",\"dateModified\":\"2024-10-07T14:13:50+00:00\",\"breadcrumb\":{\"@id\":\"https:\/\/haustuerenwelt.de\/joerg\/datenschutz\/#breadcrumb\"},\"inLanguage\":\"de\",\"potentialAction\":[{\"@type\":\"ReadAction\",\"target\":[\"https:\/\/haustuerenwelt.de\/joerg\/datenschutz\/\"]}]},{\"@type\":\"BreadcrumbList\",\"@id\":\"https:\/\/haustuerenwelt.de\/joerg\/datenschutz\/#breadcrumb\",\"itemListElement\":[{\"@type\":\"ListItem\",\"position\":1,\"name\":\"Startseite\",\"item\":\"https:\/\/haustuerenwelt.de\/joerg\/\"},{\"@type\":\"ListItem\",\"position\":2,\"name\":\"DATENSCHUTZ\"}]},{\"@type\":\"WebSite\",\"@id\":\"https:\/\/haustuerenwelt.de\/joerg\/#website\",\"url\":\"https:\/\/haustuerenwelt.de\/joerg\/\",\"name\":\"Fenster J\u00f6rg\",\"description\":\"Ihre individuelle Haust\u00fcr\",\"potentialAction\":[{\"@type\":\"SearchAction\",\"target\":{\"@type\":\"EntryPoint\",\"urlTemplate\":\"https:\/\/haustuerenwelt.de\/joerg\/?s={search_term_string}\"},\"query-input\":{\"@type\":\"PropertyValueSpecification\",\"valueRequired\":true,\"valueName\":\"search_term_string\"}}],\"inLanguage\":\"de\"}]}<\/script>\n<!-- \/ Yoast SEO plugin. -->","yoast_head_json":{"title":"DATENSCHUTZ - Fenster J\u00f6rg","robots":{"index":"index","follow":"follow","max-snippet":"max-snippet:-1","max-image-preview":"max-image-preview:large","max-video-preview":"max-video-preview:-1"},"canonical":"https:\/\/haustuerenwelt.de\/joerg\/datenschutz\/","og_locale":"de_DE","og_type":"article","og_title":"DATENSCHUTZ - Fenster J\u00f6rg","og_description":"DATENSCHUTZHaust\u00fcrenwelt\u00a0Bolzensteig 2073460 H\u00fcttlingen +49 (0) 7361 81 222 00info@haustuerenwelt.de Nutzer erhalten mit dieser Datenschutzerkl\u00e4rung Information \u00fcber die Art, den Umfang und Zweck der Erhebung und Verwendung ihrer Daten durch den verantwortlichen Anbieter erhoben und verwendet werden. Den rechtlichen Rahmen f\u00fcr den Datenschutz bilden das Bundesdatenschutzgesetz (BDSG) und das Telemediengesetz (TMG). Geltungsbereich Nutzer erhalten mit dieser [&hellip;]","og_url":"https:\/\/haustuerenwelt.de\/joerg\/datenschutz\/","og_site_name":"Fenster J\u00f6rg","article_modified_time":"2024-10-07T14:13:50+00:00","twitter_card":"summary_large_image","twitter_misc":{"Gesch\u00e4tzte Lesezeit":"10\u00a0Minuten"},"schema":{"@context":"https:\/\/schema.org","@graph":[{"@type":"WebPage","@id":"https:\/\/haustuerenwelt.de\/joerg\/datenschutz\/","url":"https:\/\/haustuerenwelt.de\/joerg\/datenschutz\/","name":"DATENSCHUTZ - Fenster J\u00f6rg","isPartOf":{"@id":"https:\/\/haustuerenwelt.de\/joerg\/#website"},"datePublished":"2023-04-17T08:27:25+00:00","dateModified":"2024-10-07T14:13:50+00:00","breadcrumb":{"@id":"https:\/\/haustuerenwelt.de\/joerg\/datenschutz\/#breadcrumb"},"inLanguage":"de","potentialAction":[{"@type":"ReadAction","target":["https:\/\/haustuerenwelt.de\/joerg\/datenschutz\/"]}]},{"@type":"BreadcrumbList","@id":"https:\/\/haustuerenwelt.de\/joerg\/datenschutz\/#breadcrumb","itemListElement":[{"@type":"ListItem","position":1,"name":"Startseite","item":"https:\/\/haustuerenwelt.de\/joerg\/"},{"@type":"ListItem","position":2,"name":"DATENSCHUTZ"}]},{"@type":"WebSite","@id":"https:\/\/haustuerenwelt.de\/joerg\/#website","url":"https:\/\/haustuerenwelt.de\/joerg\/","name":"Fenster J\u00f6rg","description":"Ihre individuelle Haust\u00fcr","potentialAction":[{"@type":"SearchAction","target":{"@type":"EntryPoint","urlTemplate":"https:\/\/haustuerenwelt.de\/joerg\/?s={search_term_string}"},"query-input":{"@type":"PropertyValueSpecification","valueRequired":true,"valueName":"search_term_string"}}],"inLanguage":"de"}]}},"_links":{"self":[{"href":"https:\/\/haustuerenwelt.de\/joerg\/wp-json\/wp\/v2\/pages\/788","targetHints":{"allow":["GET"]}}],"collection":[{"href":"https:\/\/haustuerenwelt.de\/joerg\/wp-json\/wp\/v2\/pages"}],"about":[{"href":"https:\/\/haustuerenwelt.de\/joerg\/wp-json\/wp\/v2\/types\/page"}],"author":[{"embeddable":true,"href":"https:\/\/haustuerenwelt.de\/joerg\/wp-json\/wp\/v2\/users\/1"}],"replies":[{"embeddable":true,"href":"https:\/\/haustuerenwelt.de\/joerg\/wp-json\/wp\/v2\/comments?post=788"}],"version-history":[{"count":14,"href":"https:\/\/haustuerenwelt.de\/joerg\/wp-json\/wp\/v2\/pages\/788\/revisions"}],"predecessor-version":[{"id":2006,"href":"https:\/\/haustuerenwelt.de\/joerg\/wp-json\/wp\/v2\/pages\/788\/revisions\/2006"}],"wp:attachment":[{"href":"https:\/\/haustuerenwelt.de\/joerg\/wp-json\/wp\/v2\/media?parent=788"}],"wp:term":[{"taxonomy":"difl_page_category","embeddable":true,"href":"https:\/\/haustuerenwelt.de\/joerg\/wp-json\/wp\/v2\/difl_page_category?post=788"}],"curies":[{"name":"wp","href":"https:\/\/api.w.org\/{rel}","templated":true}]}}